{"id":69,"date":"2014-05-30T12:39:03","date_gmt":"2014-05-30T12:39:03","guid":{"rendered":"http:\/\/pixelgrade.com\/demos\/rosa2\/?page_id=69"},"modified":"2023-08-28T09:04:56","modified_gmt":"2023-08-28T09:04:56","slug":"menu","status":"publish","type":"page","link":"https:\/\/lavachefolle.fr\/?page_id=69","title":{"rendered":"Menu"},"content":{"rendered":"<div class=\"pixcode  pixcode--grid  grid  \">\n\n<div class=\"grid__item six-twelfths palm-one-whole \">\n\n<p style=\"text-align: justify;\">La Vache Folle\u00a0propose chaque jour\u00a0du pain de boulanger r\u00e9alis\u00e9 suivant notre recette, de la viande n\u00e9e, \u00e9lev\u00e9e et abattue en France \u00e0 Tarascon (13), du fromage AOP et des l\u00e9gumes. Des produits frais du jour, cuisin\u00e9s sur place.<\/p>\n<p style=\"text-align: justify;\">Une vache pas compl\u00e8tement folle qui fait marcher\u00a0l\u2019\u00e9conomie locale et\u00a0qui propose des<\/p>\n\n<\/div>\n\n<div class=\"grid__item six-twelfths palm-one-whole \">\n\n<p style=\"text-align: justify;\">aliments de tr\u00e8s bonnes qualit\u00e9s \u00e0 ses clients.<\/p>\n<p style=\"text-align: justify;\">Notre engagement, vous proposer des hamburgers gourmets, vous faire d\u00e9couvrir ou re-d\u00e9couvrir des saveurs issues du \u00ab\u00a0faits-maisons\u00a0\u00bb.<\/p>\n<p style=\"text-align: justify;\">Toutes\u00a0nos sauces sont r\u00e9alis\u00e9es par nos soins (\u00e0 l&rsquo;exception du Ketchup). Les frites fra\u00eeches sont coup\u00e9es et cuites en deux bains afin d leur donner un go\u00fbt croustillant et fondant. Notre viande est cuite saignante minute. Une science morale qui nous est ch\u00e8re. On vous invite \u00e0 tester sur place ou \u00e0 emporter.<\/p>\n\n<\/div>\n\n\n<\/div>\n\n<div class=\"pixcode  pixcode--grid  grid  \">\n\n<\/div>\n\n<div class=\"grid__item six-twelfths palm-one-whole \">\n\n<\/div>\n\n<div class=\"menu-list menu-list__dotted\">\n<\/div>\n\n","protected":false},"excerpt":{"rendered":"","protected":false},"author":1,"featured_media":0,"parent":0,"menu_order":0,"comment_status":"closed","ping_status":"closed","template":"","meta":{"footnotes":""},"class_list":["post-69","page","type-page","status-publish","hentry","no-page-header"],"_links":{"self":[{"href":"https:\/\/lavachefolle.fr\/index.php?rest_route=\/wp\/v2\/pages\/69","targetHints":{"allow":["GET"]}}],"collection":[{"href":"https:\/\/lavachefolle.fr\/index.php?rest_route=\/wp\/v2\/pages"}],"about":[{"href":"https:\/\/lavachefolle.fr\/index.php?rest_route=\/wp\/v2\/types\/page"}],"author":[{"embeddable":true,"href":"https:\/\/lavachefolle.fr\/index.php?rest_route=\/wp\/v2\/users\/1"}],"replies":[{"embeddable":true,"href":"https:\/\/lavachefolle.fr\/index.php?rest_route=%2Fwp%2Fv2%2Fcomments&post=69"}],"version-history":[{"count":14,"href":"https:\/\/lavachefolle.fr\/index.php?rest_route=\/wp\/v2\/pages\/69\/revisions"}],"predecessor-version":[{"id":1739,"href":"https:\/\/lavachefolle.fr\/index.php?rest_route=\/wp\/v2\/pages\/69\/revisions\/1739"}],"wp:attachment":[{"href":"https:\/\/lavachefolle.fr\/index.php?rest_route=%2Fwp%2Fv2%2Fmedia&parent=69"}],"curies":[{"name":"wp","href":"https:\/\/api.w.org\/{rel}","templated":true}]}}