{"id":479,"date":"2014-09-26T10:12:05","date_gmt":"2014-09-26T10:12:05","guid":{"rendered":"http:\/\/pixelgrade.com\/demos\/rosa2\/?page_id=479"},"modified":"2023-08-28T09:16:46","modified_gmt":"2023-08-28T09:16:46","slug":"discover-menu","status":"publish","type":"page","link":"https:\/\/lavachefolle.fr\/?page_id=479","title":{"rendered":"Desserts"},"content":{"rendered":"<div class=\"pixcode  pixcode--grid  grid  \">\n\n<div class=\"grid__item six-twelfths palm-one-whole \">\n\n<div class=\"menu-list menu-list__dotted\">\n<\/div>\n\n\n<\/div>\n\n<div class=\"grid__item six-twelfths palm-one-whole \">\n\n<div class=\"menu-list menu-list__dotted\">\n<\/div>\n\n<p>Chaque jour un dessert diff\u00e9rent vous sera propos\u00e9. N&rsquo;h\u00e9sitez pas \u00e0 vous rendre sur notre page Facebook ou Instagram pour voir le dessert du jour !<\/p>\n\n<\/div>\n\n\n<\/div>\n\n<hr class=\"pixcode  pixcode--separator  separator\"\/>\n\n<p>&nbsp;<\/p>\n<p><a href=\"http:\/\/lavachefolle.fr\/wp-content\/uploads\/2014\/09\/lofi15.jpg\" rel=\"attachment wp-att-1284\"><img loading=\"lazy\" decoding=\"async\" class=\"alignnone wp-image-1284\" src=\"http:\/\/lavachefolle.fr\/wp-content\/uploads\/2014\/09\/lofi15-1024x681.jpg\" alt=\"SONY DSC\" width=\"603\" height=\"401\" srcset=\"https:\/\/lavachefolle.fr\/wp-content\/uploads\/2014\/09\/lofi15-1024x681.jpg 1024w, https:\/\/lavachefolle.fr\/wp-content\/uploads\/2014\/09\/lofi15-300x200.jpg 300w, https:\/\/lavachefolle.fr\/wp-content\/uploads\/2014\/09\/lofi15-2048x1363.jpg 2048w, https:\/\/lavachefolle.fr\/wp-content\/uploads\/2014\/09\/lofi15-1200x799.jpg 1200w, https:\/\/lavachefolle.fr\/wp-content\/uploads\/2014\/09\/lofi15-900x599.jpg 900w, https:\/\/lavachefolle.fr\/wp-content\/uploads\/2014\/09\/lofi15-400x266.jpg 400w\" sizes=\"auto, (max-width: 603px) 100vw, 603px\" \/><\/a> <a href=\"http:\/\/lavachefolle.fr\/wp-content\/uploads\/2014\/09\/lofi20.jpg\" rel=\"attachment wp-att-1285\"><img loading=\"lazy\" decoding=\"async\" class=\"alignnone wp-image-1285\" src=\"http:\/\/lavachefolle.fr\/wp-content\/uploads\/2014\/09\/lofi20-1024x681.jpg\" alt=\"SONY DSC\" width=\"603\" height=\"401\" srcset=\"https:\/\/lavachefolle.fr\/wp-content\/uploads\/2014\/09\/lofi20-1024x681.jpg 1024w, https:\/\/lavachefolle.fr\/wp-content\/uploads\/2014\/09\/lofi20-300x200.jpg 300w, https:\/\/lavachefolle.fr\/wp-content\/uploads\/2014\/09\/lofi20-2048x1363.jpg 2048w, https:\/\/lavachefolle.fr\/wp-content\/uploads\/2014\/09\/lofi20-1200x799.jpg 1200w, https:\/\/lavachefolle.fr\/wp-content\/uploads\/2014\/09\/lofi20-900x599.jpg 900w, https:\/\/lavachefolle.fr\/wp-content\/uploads\/2014\/09\/lofi20-400x266.jpg 400w\" sizes=\"auto, (max-width: 603px) 100vw, 603px\" \/><\/a><\/p>\n<p><a href=\"http:\/\/lavachefolle.fr\/wp-content\/uploads\/2014\/09\/img_20160205_175104.jpg\" rel=\"attachment wp-att-1556\"><img loading=\"lazy\" decoding=\"async\" class=\"alignnone wp-image-1556 size-medium\" src=\"http:\/\/lavachefolle.fr\/wp-content\/uploads\/2014\/09\/img_20160205_175104-300x300.jpg\" alt=\"IMG_20160205_175104\" width=\"300\" height=\"300\" srcset=\"https:\/\/lavachefolle.fr\/wp-content\/uploads\/2014\/09\/img_20160205_175104-300x300.jpg 300w, https:\/\/lavachefolle.fr\/wp-content\/uploads\/2014\/09\/img_20160205_175104-150x150.jpg 150w, https:\/\/lavachefolle.fr\/wp-content\/uploads\/2014\/09\/img_20160205_175104-768x768.jpg 768w, https:\/\/lavachefolle.fr\/wp-content\/uploads\/2014\/09\/img_20160205_175104-1024x1024.jpg 1024w, https:\/\/lavachefolle.fr\/wp-content\/uploads\/2014\/09\/img_20160205_175104-1200x1200.jpg 1200w, https:\/\/lavachefolle.fr\/wp-content\/uploads\/2014\/09\/img_20160205_175104-900x900.jpg 900w, https:\/\/lavachefolle.fr\/wp-content\/uploads\/2014\/09\/img_20160205_175104-400x400.jpg 400w, https:\/\/lavachefolle.fr\/wp-content\/uploads\/2014\/09\/img_20160205_175104.jpg 1398w\" sizes=\"auto, (max-width: 300px) 100vw, 300px\" \/><\/a>&nbsp;<a href=\"http:\/\/lavachefolle.fr\/wp-content\/uploads\/2014\/09\/img_20150908_095814.jpg\" rel=\"attachment wp-att-1557\"><img loading=\"lazy\" decoding=\"async\" class=\"alignnone wp-image-1557 size-medium\" src=\"http:\/\/lavachefolle.fr\/wp-content\/uploads\/2014\/09\/img_20150908_095814-300x300.jpg\" alt=\"IMG_20150908_095814\" width=\"300\" height=\"300\" srcset=\"https:\/\/lavachefolle.fr\/wp-content\/uploads\/2014\/09\/img_20150908_095814-300x300.jpg 300w, https:\/\/lavachefolle.fr\/wp-content\/uploads\/2014\/09\/img_20150908_095814-150x150.jpg 150w, https:\/\/lavachefolle.fr\/wp-content\/uploads\/2014\/09\/img_20150908_095814-768x768.jpg 768w, https:\/\/lavachefolle.fr\/wp-content\/uploads\/2014\/09\/img_20150908_095814-1024x1024.jpg 1024w, https:\/\/lavachefolle.fr\/wp-content\/uploads\/2014\/09\/img_20150908_095814-1200x1200.jpg 1200w, https:\/\/lavachefolle.fr\/wp-content\/uploads\/2014\/09\/img_20150908_095814-900x900.jpg 900w, https:\/\/lavachefolle.fr\/wp-content\/uploads\/2014\/09\/img_20150908_095814-400x400.jpg 400w, https:\/\/lavachefolle.fr\/wp-content\/uploads\/2014\/09\/img_20150908_095814.jpg 1536w\" sizes=\"auto, (max-width: 300px) 100vw, 300px\" \/><\/a>&nbsp;<a href=\"http:\/\/lavachefolle.fr\/wp-content\/uploads\/2014\/09\/img_20151015_105430.jpg\" rel=\"attachment wp-att-1560\"><img loading=\"lazy\" decoding=\"async\" class=\"alignnone wp-image-1560 size-medium\" src=\"http:\/\/lavachefolle.fr\/wp-content\/uploads\/2014\/09\/img_20151015_105430-300x300.jpg\" alt=\"IMG_20151015_105430\" width=\"300\" height=\"300\" srcset=\"https:\/\/lavachefolle.fr\/wp-content\/uploads\/2014\/09\/img_20151015_105430-300x300.jpg 300w, https:\/\/lavachefolle.fr\/wp-content\/uploads\/2014\/09\/img_20151015_105430-150x150.jpg 150w, https:\/\/lavachefolle.fr\/wp-content\/uploads\/2014\/09\/img_20151015_105430-768x768.jpg 768w, https:\/\/lavachefolle.fr\/wp-content\/uploads\/2014\/09\/img_20151015_105430-1024x1024.jpg 1024w, https:\/\/lavachefolle.fr\/wp-content\/uploads\/2014\/09\/img_20151015_105430-1200x1200.jpg 1200w, https:\/\/lavachefolle.fr\/wp-content\/uploads\/2014\/09\/img_20151015_105430-900x900.jpg 900w, https:\/\/lavachefolle.fr\/wp-content\/uploads\/2014\/09\/img_20151015_105430-400x400.jpg 400w, https:\/\/lavachefolle.fr\/wp-content\/uploads\/2014\/09\/img_20151015_105430.jpg 1536w\" sizes=\"auto, (max-width: 300px) 100vw, 300px\" \/><\/a> <a href=\"http:\/\/lavachefolle.fr\/wp-content\/uploads\/2014\/09\/img_20151218_111402.jpg\" rel=\"attachment wp-att-1561\"><img loading=\"lazy\" decoding=\"async\" class=\"alignnone wp-image-1561 size-medium\" src=\"http:\/\/lavachefolle.fr\/wp-content\/uploads\/2014\/09\/img_20151218_111402-300x300.jpg\" alt=\"IMG_20151218_111402\" width=\"300\" height=\"300\" srcset=\"https:\/\/lavachefolle.fr\/wp-content\/uploads\/2014\/09\/img_20151218_111402-300x300.jpg 300w, https:\/\/lavachefolle.fr\/wp-content\/uploads\/2014\/09\/img_20151218_111402-150x150.jpg 150w, https:\/\/lavachefolle.fr\/wp-content\/uploads\/2014\/09\/img_20151218_111402-768x768.jpg 768w, https:\/\/lavachefolle.fr\/wp-content\/uploads\/2014\/09\/img_20151218_111402-1024x1024.jpg 1024w, https:\/\/lavachefolle.fr\/wp-content\/uploads\/2014\/09\/img_20151218_111402-1200x1200.jpg 1200w, https:\/\/lavachefolle.fr\/wp-content\/uploads\/2014\/09\/img_20151218_111402-900x900.jpg 900w, https:\/\/lavachefolle.fr\/wp-content\/uploads\/2014\/09\/img_20151218_111402-400x400.jpg 400w, https:\/\/lavachefolle.fr\/wp-content\/uploads\/2014\/09\/img_20151218_111402.jpg 1354w\" sizes=\"auto, (max-width: 300px) 100vw, 300px\" \/><\/a>&nbsp; &nbsp; &nbsp; &nbsp; &nbsp; &nbsp; &nbsp; &nbsp; &nbsp; &nbsp; &nbsp; &nbsp; &nbsp; &nbsp; &nbsp; &nbsp; &nbsp; &nbsp; &nbsp; &nbsp; &nbsp; &nbsp; &nbsp; &nbsp; &nbsp; &nbsp; &nbsp;&nbsp;<a href=\"http:\/\/lavachefolle.fr\/wp-content\/uploads\/2014\/09\/img_1480.jpg\" rel=\"attachment wp-att-1628\"><img loading=\"lazy\" decoding=\"async\" class=\"wp-image-1628 alignnone\" src=\"http:\/\/lavachefolle.fr\/wp-content\/uploads\/2014\/09\/img_1480-225x300.jpg\" alt=\"IMG_1480\" width=\"300\" height=\"400\" srcset=\"https:\/\/lavachefolle.fr\/wp-content\/uploads\/2014\/09\/img_1480-225x300.jpg 225w, https:\/\/lavachefolle.fr\/wp-content\/uploads\/2014\/09\/img_1480-768x1024.jpg 768w, https:\/\/lavachefolle.fr\/wp-content\/uploads\/2014\/09\/img_1480-2048x2731.jpg 2048w, https:\/\/lavachefolle.fr\/wp-content\/uploads\/2014\/09\/img_1480-1200x1600.jpg 1200w, https:\/\/lavachefolle.fr\/wp-content\/uploads\/2014\/09\/img_1480-900x1200.jpg 900w, https:\/\/lavachefolle.fr\/wp-content\/uploads\/2014\/09\/img_1480-400x533.jpg 400w\" sizes=\"auto, (max-width: 300px) 100vw, 300px\" \/><\/a>&nbsp;<a href=\"http:\/\/lavachefolle.fr\/wp-content\/uploads\/2014\/09\/img_1368.jpg\" rel=\"attachment wp-att-1627\"><img loading=\"lazy\" decoding=\"async\" class=\"alignnone wp-image-1627\" src=\"http:\/\/lavachefolle.fr\/wp-content\/uploads\/2014\/09\/img_1368-768x1024.jpg\" alt=\"IMG_1368\" width=\"300\" height=\"400\" srcset=\"https:\/\/lavachefolle.fr\/wp-content\/uploads\/2014\/09\/img_1368-768x1024.jpg 768w, https:\/\/lavachefolle.fr\/wp-content\/uploads\/2014\/09\/img_1368-225x300.jpg 225w, https:\/\/lavachefolle.fr\/wp-content\/uploads\/2014\/09\/img_1368-2048x2731.jpg 2048w, https:\/\/lavachefolle.fr\/wp-content\/uploads\/2014\/09\/img_1368-1200x1600.jpg 1200w, https:\/\/lavachefolle.fr\/wp-content\/uploads\/2014\/09\/img_1368-900x1200.jpg 900w, https:\/\/lavachefolle.fr\/wp-content\/uploads\/2014\/09\/img_1368-400x533.jpg 400w\" sizes=\"auto, (max-width: 300px) 100vw, 300px\" \/><\/a>&nbsp;<a href=\"http:\/\/lavachefolle.fr\/wp-content\/uploads\/2014\/09\/img_1659.jpg\" rel=\"attachment wp-att-1630\"><img loading=\"lazy\" decoding=\"async\" class=\"wp-image-1630 alignnone\" src=\"http:\/\/lavachefolle.fr\/wp-content\/uploads\/2014\/09\/img_1659-225x300.jpg\" alt=\"IMG_1659\" width=\"300\" height=\"400\" srcset=\"https:\/\/lavachefolle.fr\/wp-content\/uploads\/2014\/09\/img_1659-225x300.jpg 225w, https:\/\/lavachefolle.fr\/wp-content\/uploads\/2014\/09\/img_1659-768x1024.jpg 768w, https:\/\/lavachefolle.fr\/wp-content\/uploads\/2014\/09\/img_1659-2048x2731.jpg 2048w, https:\/\/lavachefolle.fr\/wp-content\/uploads\/2014\/09\/img_1659-1200x1600.jpg 1200w, https:\/\/lavachefolle.fr\/wp-content\/uploads\/2014\/09\/img_1659-900x1200.jpg 900w, https:\/\/lavachefolle.fr\/wp-content\/uploads\/2014\/09\/img_1659-400x533.jpg 400w\" sizes=\"auto, (max-width: 300px) 100vw, 300px\" \/><\/a><\/p>\n<div class=\"pixcode  pixcode--separator  separator separator--flower\">&#10043;<\/div>\n\n","protected":false},"excerpt":{"rendered":"<p>&nbsp; &nbsp;&nbsp; &nbsp; &nbsp; &nbsp; &nbsp; &nbsp; &nbsp; &nbsp; &nbsp; &nbsp; &nbsp; &nbsp; &nbsp; &nbsp; &nbsp; &nbsp; &nbsp; &nbsp; &nbsp; &nbsp; &nbsp; &nbsp; &nbsp; &nbsp; &nbsp; &nbsp; &nbsp; &nbsp;&nbsp;&nbsp;&nbsp;<\/p>\n","protected":false},"author":1,"featured_media":1355,"parent":0,"menu_order":0,"comment_status":"closed","ping_status":"closed","template":"","meta":{"footnotes":""},"class_list":["post-479","page","type-page","status-publish","has-post-thumbnail","hentry"],"_links":{"self":[{"href":"https:\/\/lavachefolle.fr\/index.php?rest_route=\/wp\/v2\/pages\/479","targetHints":{"allow":["GET"]}}],"collection":[{"href":"https:\/\/lavachefolle.fr\/index.php?rest_route=\/wp\/v2\/pages"}],"about":[{"href":"https:\/\/lavachefolle.fr\/index.php?rest_route=\/wp\/v2\/types\/page"}],"author":[{"embeddable":true,"href":"https:\/\/lavachefolle.fr\/index.php?rest_route=\/wp\/v2\/users\/1"}],"replies":[{"embeddable":true,"href":"https:\/\/lavachefolle.fr\/index.php?rest_route=%2Fwp%2Fv2%2Fcomments&post=479"}],"version-history":[{"count":45,"href":"https:\/\/lavachefolle.fr\/index.php?rest_route=\/wp\/v2\/pages\/479\/revisions"}],"predecessor-version":[{"id":1709,"href":"https:\/\/lavachefolle.fr\/index.php?rest_route=\/wp\/v2\/pages\/479\/revisions\/1709"}],"wp:featuredmedia":[{"embeddable":true,"href":"https:\/\/lavachefolle.fr\/index.php?rest_route=\/wp\/v2\/media\/1355"}],"wp:attachment":[{"href":"https:\/\/lavachefolle.fr\/index.php?rest_route=%2Fwp%2Fv2%2Fmedia&parent=479"}],"curies":[{"name":"wp","href":"https:\/\/api.w.org\/{rel}","templated":true}]}}