{"id":394,"date":"2014-06-27T11:44:04","date_gmt":"2014-06-27T11:44:04","guid":{"rendered":"http:\/\/pixelgrade.com\/demos\/rosa2\/?page_id=394"},"modified":"2025-03-11T09:02:56","modified_gmt":"2025-03-11T09:02:56","slug":"lunch","status":"publish","type":"page","link":"https:\/\/lavachefolle.fr\/?page_id=394","title":{"rendered":"Hamburgers"},"content":{"rendered":"<div class=\"pixcode  pixcode--grid  grid  \">\n\n<div class=\"grid__item six-twelfths palm-one-whole \">\n\n<div class=\"menu-list menu-list__dotted\">\n<ul class=\"menu-list__items\">\n<li class=\"menu-list__item\">\n<h4 class=\"menu-list__item-title\"><span class=\"item_title\">Randall<\/span><span class=\"dots\"><\/span><\/h4>\n<p class=\"menu-list__item-desc\"><span class=\"desc__content\">Bun artisanal, boeuf, cheddar matur\u00e9, oignons, pickles de cornichon maison, ketchup, mayonnaise maison.<\/span><\/p>\n<span class=\"dots\"><\/span><span class=\"menu-list__item-price\"><span style=\"font-family: Verdana, Geneva;\">10\u20ac50<\/span><\/span><\/li>\n<li class=\"menu-list__item\">\n<h4 class=\"menu-list__item-title\"><span class=\"item_title\">Montb\u00e9b\u00e9<\/span><span class=\"dots\"><\/span><\/h4>\n<p class=\"menu-list__item-desc\"><span class=\"desc__content\">Bun artisanal, boeuf, fourme d\u2019Ambert, oignons caram\u00e9lis\u00e9s, sirop au porto, mayonnaise maison.<\/span><\/p>\n<span class=\"dots\"><\/span><span class=\"menu-list__item-price\"><span style=\"font-family: Verdana, Geneva;\">10\u20ac50<\/span><\/span><\/li>\n<li class=\"menu-list__item\">\n<h4 class=\"menu-list__item-title\"><span class=\"item_title\">Moment<\/span><span class=\"dots\"><\/span><\/h4>\n<p class=\"menu-list__item-desc\"><span class=\"desc__content\">selon l'humeur de l'\u00e9quipe.<\/span><\/p>\n<span class=\"dots\"><\/span><span class=\"menu-list__item-price\">XX\u20ac<\/span><\/li>\n<\/ul>\n<\/div>\n\n\n<\/div>\n\n<div class=\"grid__item six-twelfths palm-one-whole \">\n\n<div class=\"menu-list menu-list__dotted\">\n<ul class=\"menu-list__items\">\n<li class=\"menu-list__item\">\n<h4 class=\"menu-list__item-title\"><span class=\"item_title\">Lincoln<\/span><span class=\"dots\"><\/span><\/h4>\n<p class=\"menu-list__item-desc\"><span class=\"desc__content\">Bun artisanal, boeuf, poitrine fum\u00e9e, cheddar, oignons rouges, tomates, sauce BBQ maison au sirop d'\u00e9rable et mayonnaise maison<\/span><\/p>\n<span class=\"dots\"><\/span><span class=\"menu-list__item-price\"><span style=\"font-family: Verdana, Geneva;\">10\u20ac50<\/span><\/span><\/li>\n<li class=\"menu-list__item\">\n<div class=\"menu-list__item-highlight-wrapper\">\n<span class=\"menu-list__item-highlight-title\">Veggie<\/span>\n<h4 class=\"menu-list__item-title\"><span class=\"item_title\">Overo<\/span><span class=\"dots\"><\/span><\/h4>\n<p class=\"menu-list__item-desc\"><span class=\"desc__content\">Bun artisanal, steak vegan maison (betterave, haricots rouges, prot\u00e9ines de soja), cheddar matur\u00e9, guacamole maison, chou rouge, oignons rouges, ketchup.<\/span><\/p>\n<span class=\"dots\"><\/span><span class=\"menu-list__item-price\">1<span style=\"font-family: Verdana, Geneva;\">0\u20ac50<\/span><\/span><\/div>\n<\/li>\n<li class=\"menu-list__item\">\n<h4 class=\"menu-list__item-title\"><span class=\"item_title\">Texas<\/span><span class=\"dots\"><\/span><\/h4>\n<p class=\"menu-list__item-desc\"><span class=\"desc__content\">Bun artisanal, boeuf, cheddar de r\u00e9serve, guacamole, pickels d'oignons rouges maison, poitrine fum\u00e9e, sauce creamy au piment chipotle.<\/span><\/p>\n<span class=\"dots\"><\/span><span class=\"menu-list__item-price\"><span style=\"font-family: Verdana, Geneva;\">10\u20ac50<\/span><\/span><\/li>\n<\/ul>\n<\/div>\n\n\n<\/div>\n\n\n<\/div>\n\n<p style=\"text-align: left;\"><hr class=\"pixcode  pixcode--separator  separator\"\/>\n\n<div class=\"menu-list menu-list__\u00bbdotted\">\n<ul class=\"menu-list__items\">\n<li class=\"menu-list__item\">\n<h4 class=\"menu-list__item-title\">Formule 1<\/h4>\n<p class=\"menu-list__item-desc\"><span class=\"desc__content\">Hamburger + Frites<\/span><\/p>\n<span class=\"menu-list__item-price\"><span style=\"font-family: Verdana, Geneva;\">12\u20ac50<\/span><\/span><\/li>\n<li class=\"menu-list__item\">\n<h4 class=\"menu-list__item-title\">Formule 2<\/h4>\n<p class=\"menu-list__item-desc\"><span class=\"desc__content\">Hamburger + Frites + boisson soft + dessert<\/span><\/p>\n<span class=\"menu-list__item-price\"><span style=\"font-family: Verdana, Geneva;\">18\u20ac<\/span><\/span><\/li>\n<li class=\"menu-list__item\">\n<h4 class=\"menu-list__item-title\">La Formule 3<\/h4>\n<p class=\"menu-list__item-desc\"><span class=\"desc__content\"> Un burger (ketchup et\/ou mayo, steak et cheddar) + Frites + une boisson<\/span><\/p>\n<span class=\"menu-list__item-price\">11<span style=\"font-family: Verdana, Geneva;\">.00\u20ac<\/span><\/span><\/li>\n<li class=\"menu-list__item\">\n<h4 class=\"menu-list__item-title\">Formule La Vache Folle<\/h4>\n<p class=\"menu-list__item-desc\"><span class=\"desc__content\"> Double steack et double fromage sur l&rsquo;hamburger de votre choix + Frites<\/span><\/p>\n<span class=\"menu-list__item-price\"><span style=\"font-family: Verdana, Geneva;\">16\u20ac50<\/span><\/span><\/li>\n<\/ul>\n<\/div>\n\n<hr class=\"pixcode  pixcode--separator  separator\"\/>\n\n<p style=\"text-align: center;\"><span style=\"font-size: 12pt;\"><strong><span style=\"color: #611922;\"><i class=\"pixcode  pixcode--icon  icon-e-star      \"><\/i><span style=\"color: #000000;\">Pour les \u00ab\u00a0addict\u00a0\u00bb de La Vache Folle, nous vous proposons un registre de fid\u00e9lit\u00e9 gr\u00e2ce \u00e0 laquelle votre dixi\u00e8me formule vous sera offerte. On vous invite \u00e0 la demander lors de votre passage !<\/span><i class=\"pixcode  pixcode--icon  icon-e-star      \"><\/i><\/span><\/strong><\/span><\/p>\n<p style=\"text-align: center;\"><a href=\"http:\/\/lavachefolle.fr\/wp-content\/uploads\/2014\/06\/img_20160301_110257.jpg\" rel=\"attachment wp-att-1654\"><img loading=\"lazy\" decoding=\"async\" class=\"alignnone size-thumbnail wp-image-1654\" src=\"http:\/\/lavachefolle.fr\/wp-content\/uploads\/2014\/06\/img_20160301_110257-150x150.jpg\" alt=\"IMG_20160301_110257\" width=\"150\" height=\"150\" srcset=\"https:\/\/lavachefolle.fr\/wp-content\/uploads\/2014\/06\/img_20160301_110257-150x150.jpg 150w, https:\/\/lavachefolle.fr\/wp-content\/uploads\/2014\/06\/img_20160301_110257-300x300.jpg 300w, https:\/\/lavachefolle.fr\/wp-content\/uploads\/2014\/06\/img_20160301_110257-768x768.jpg 768w, https:\/\/lavachefolle.fr\/wp-content\/uploads\/2014\/06\/img_20160301_110257-1024x1024.jpg 1024w, https:\/\/lavachefolle.fr\/wp-content\/uploads\/2014\/06\/img_20160301_110257-1200x1200.jpg 1200w, https:\/\/lavachefolle.fr\/wp-content\/uploads\/2014\/06\/img_20160301_110257-900x900.jpg 900w, https:\/\/lavachefolle.fr\/wp-content\/uploads\/2014\/06\/img_20160301_110257-400x400.jpg 400w, https:\/\/lavachefolle.fr\/wp-content\/uploads\/2014\/06\/img_20160301_110257.jpg 1536w\" sizes=\"auto, (max-width: 150px) 100vw, 150px\" \/><\/a>\u00a0<a href=\"http:\/\/lavachefolle.fr\/wp-content\/uploads\/2014\/06\/img_20160105_112817.jpg\" rel=\"attachment wp-att-1653\"><img loading=\"lazy\" decoding=\"async\" class=\"alignnone size-thumbnail wp-image-1653\" src=\"http:\/\/lavachefolle.fr\/wp-content\/uploads\/2014\/06\/img_20160105_112817-150x150.jpg\" alt=\"IMG_20160105_112817\" width=\"150\" height=\"150\" srcset=\"https:\/\/lavachefolle.fr\/wp-content\/uploads\/2014\/06\/img_20160105_112817-150x150.jpg 150w, https:\/\/lavachefolle.fr\/wp-content\/uploads\/2014\/06\/img_20160105_112817-300x300.jpg 300w, https:\/\/lavachefolle.fr\/wp-content\/uploads\/2014\/06\/img_20160105_112817-768x768.jpg 768w, https:\/\/lavachefolle.fr\/wp-content\/uploads\/2014\/06\/img_20160105_112817-1024x1024.jpg 1024w, https:\/\/lavachefolle.fr\/wp-content\/uploads\/2014\/06\/img_20160105_112817-1200x1200.jpg 1200w, https:\/\/lavachefolle.fr\/wp-content\/uploads\/2014\/06\/img_20160105_112817-900x900.jpg 900w, https:\/\/lavachefolle.fr\/wp-content\/uploads\/2014\/06\/img_20160105_112817-400x400.jpg 400w, https:\/\/lavachefolle.fr\/wp-content\/uploads\/2014\/06\/img_20160105_112817.jpg 1536w\" sizes=\"auto, (max-width: 150px) 100vw, 150px\" \/><\/a>\u00a0<a href=\"http:\/\/lavachefolle.fr\/wp-content\/uploads\/2014\/05\/img_20150703_113721.jpg\"><img loading=\"lazy\" decoding=\"async\" class=\"alignnone wp-image-1507 size-thumbnail\" src=\"http:\/\/lavachefolle.fr\/wp-content\/uploads\/2014\/05\/img_20150703_113721-150x150.jpg\" alt=\"IMG_20150703_113721\" width=\"150\" height=\"150\" srcset=\"https:\/\/lavachefolle.fr\/wp-content\/uploads\/2014\/05\/img_20150703_113721-150x150.jpg 150w, https:\/\/lavachefolle.fr\/wp-content\/uploads\/2014\/05\/img_20150703_113721-300x300.jpg 300w, https:\/\/lavachefolle.fr\/wp-content\/uploads\/2014\/05\/img_20150703_113721-1024x1024.jpg 1024w, https:\/\/lavachefolle.fr\/wp-content\/uploads\/2014\/05\/img_20150703_113721-1200x1200.jpg 1200w, https:\/\/lavachefolle.fr\/wp-content\/uploads\/2014\/05\/img_20150703_113721-900x900.jpg 900w, https:\/\/lavachefolle.fr\/wp-content\/uploads\/2014\/05\/img_20150703_113721-400x400.jpg 400w, https:\/\/lavachefolle.fr\/wp-content\/uploads\/2014\/05\/img_20150703_113721.jpg 1536w\" sizes=\"auto, (max-width: 150px) 100vw, 150px\" \/><\/a>\u00a0<a href=\"http:\/\/lavachefolle.fr\/wp-content\/uploads\/2014\/06\/img_0903-1.jpg\" rel=\"attachment wp-att-1652\"><img loading=\"lazy\" decoding=\"async\" class=\"alignnone size-thumbnail wp-image-1652\" src=\"http:\/\/lavachefolle.fr\/wp-content\/uploads\/2014\/06\/img_0903-1-150x150.jpg\" alt=\"IMG_0903 (1)\" width=\"150\" height=\"150\" srcset=\"https:\/\/lavachefolle.fr\/wp-content\/uploads\/2014\/06\/img_0903-1-150x150.jpg 150w, https:\/\/lavachefolle.fr\/wp-content\/uploads\/2014\/06\/img_0903-1-300x300.jpg 300w, https:\/\/lavachefolle.fr\/wp-content\/uploads\/2014\/06\/img_0903-1-768x768.jpg 768w, https:\/\/lavachefolle.fr\/wp-content\/uploads\/2014\/06\/img_0903-1-1024x1024.jpg 1024w, https:\/\/lavachefolle.fr\/wp-content\/uploads\/2014\/06\/img_0903-1-2048x2048.jpg 2048w, https:\/\/lavachefolle.fr\/wp-content\/uploads\/2014\/06\/img_0903-1-1200x1200.jpg 1200w, https:\/\/lavachefolle.fr\/wp-content\/uploads\/2014\/06\/img_0903-1-900x900.jpg 900w, https:\/\/lavachefolle.fr\/wp-content\/uploads\/2014\/06\/img_0903-1-400x400.jpg 400w\" sizes=\"auto, (max-width: 150px) 100vw, 150px\" \/><\/a>\u00a0<a href=\"http:\/\/lavachefolle.fr\/wp-content\/uploads\/2014\/06\/img_0824.jpg\" rel=\"attachment wp-att-1651\"><img loading=\"lazy\" decoding=\"async\" class=\"alignnone size-thumbnail wp-image-1651\" src=\"http:\/\/lavachefolle.fr\/wp-content\/uploads\/2014\/06\/img_0824-150x150.jpg\" alt=\"IMG_0824\" width=\"150\" height=\"150\" srcset=\"https:\/\/lavachefolle.fr\/wp-content\/uploads\/2014\/06\/img_0824-150x150.jpg 150w, https:\/\/lavachefolle.fr\/wp-content\/uploads\/2014\/06\/img_0824-300x300.jpg 300w, https:\/\/lavachefolle.fr\/wp-content\/uploads\/2014\/06\/img_0824-768x768.jpg 768w, https:\/\/lavachefolle.fr\/wp-content\/uploads\/2014\/06\/img_0824-1024x1024.jpg 1024w, https:\/\/lavachefolle.fr\/wp-content\/uploads\/2014\/06\/img_0824-2048x2048.jpg 2048w, https:\/\/lavachefolle.fr\/wp-content\/uploads\/2014\/06\/img_0824-1200x1200.jpg 1200w, https:\/\/lavachefolle.fr\/wp-content\/uploads\/2014\/06\/img_0824-900x900.jpg 900w, https:\/\/lavachefolle.fr\/wp-content\/uploads\/2014\/06\/img_0824-400x400.jpg 400w\" sizes=\"auto, (max-width: 150px) 100vw, 150px\" \/><\/a><\/p>\n<div class=\"pixcode  pixcode--separator  separator separator--flower separator_color--color\">&#10043;<\/div>\n\n","protected":false},"excerpt":{"rendered":"<p>Pour les \u00ab\u00a0addict\u00a0\u00bb de La Vache Folle, nous vous proposons un registre de fid\u00e9lit\u00e9 gr\u00e2ce \u00e0 laquelle votre dixi\u00e8me formule vous sera offerte. On vous invite \u00e0 la demander lors de votre passage ! \u00a0\u00a0\u00a0\u00a0<\/p>\n","protected":false},"author":1,"featured_media":1356,"parent":0,"menu_order":1,"comment_status":"closed","ping_status":"closed","template":"","meta":{"footnotes":""},"class_list":["post-394","page","type-page","status-publish","has-post-thumbnail","hentry"],"_links":{"self":[{"href":"https:\/\/lavachefolle.fr\/index.php?rest_route=\/wp\/v2\/pages\/394","targetHints":{"allow":["GET"]}}],"collection":[{"href":"https:\/\/lavachefolle.fr\/index.php?rest_route=\/wp\/v2\/pages"}],"about":[{"href":"https:\/\/lavachefolle.fr\/index.php?rest_route=\/wp\/v2\/types\/page"}],"author":[{"embeddable":true,"href":"https:\/\/lavachefolle.fr\/index.php?rest_route=\/wp\/v2\/users\/1"}],"replies":[{"embeddable":true,"href":"https:\/\/lavachefolle.fr\/index.php?rest_route=%2Fwp%2Fv2%2Fcomments&post=394"}],"version-history":[{"count":102,"href":"https:\/\/lavachefolle.fr\/index.php?rest_route=\/wp\/v2\/pages\/394\/revisions"}],"predecessor-version":[{"id":1761,"href":"https:\/\/lavachefolle.fr\/index.php?rest_route=\/wp\/v2\/pages\/394\/revisions\/1761"}],"wp:featuredmedia":[{"embeddable":true,"href":"https:\/\/lavachefolle.fr\/index.php?rest_route=\/wp\/v2\/media\/1356"}],"wp:attachment":[{"href":"https:\/\/lavachefolle.fr\/index.php?rest_route=%2Fwp%2Fv2%2Fmedia&parent=394"}],"curies":[{"name":"wp","href":"https:\/\/api.w.org\/{rel}","templated":true}]}}