{"id":37,"date":"2014-05-30T12:07:17","date_gmt":"2014-05-30T12:07:17","guid":{"rendered":"http:\/\/pixelgrade.com\/demos\/rosa2\/?page_id=37"},"modified":"2023-08-28T09:00:48","modified_gmt":"2023-08-28T09:00:48","slug":"reservations","status":"publish","type":"page","link":"https:\/\/lavachefolle.fr\/?page_id=37","title":{"rendered":"LA VACHE FOLLE"},"content":{"rendered":"<div class=\"pixcode  pixcode--grid  grid  \">\n\n<div class=\"grid__item six-twelfths palm-one-whole island\">\n\n<hgroup class=\"pixcode  pixcode--heading article__headline\">\n\t<h2 class=\"headline__secondary\"><span class=\"first-letter\">L<\/span>a brigade<\/h2>\n\t<h1 class=\"headline__primary\">La Vache Folle<\/h1>\n<\/hgroup>\n<div class=\"pixcode  pixcode--separator  separator separator--flower separator_color--dark\">&#10043;<\/div>\n\n<p>L\u2019histoire du Foodtruck commence en 2013 avec Gilles et Elsa.<\/p>\n<p>Le jeune couple hy\u00e8rois d\u00e9cident alors de cr\u00e9er un Foodtruck bas\u00e9 sur le burger et les frites.<\/p>\n<p>La devise est de miser sur la qualit\u00e9, la fraicheur et la proximit\u00e9 des produits.<\/p>\n<p>Durant 7 ann\u00e9es, Gilles et Elsa s\u2019\u00e9vertuent \u00e0 ensoleiller les papilles de leurs clients avec leurs produits.<\/p>\n<p>En 2022, pour des raisons personnelles les deux cr\u00e9ateurs d\u00e9cident de passer la main.<\/p>\n<p>Thibaut, fid\u00e8le client et fan de cuisine de qualit\u00e9 d\u00e9cide alors de reprendre le foodtruck pour continuer l\u2019aventure folle et gourmande de La Vache.<\/p>\n<p>L\u2019objectif est simple : reproduire l\u2019exp\u00e9rience qu\u2019il retrouvait en tant que client tout en apportant une touche personnelle au niveau des cr\u00e9ations et de l&rsquo;accueil.<\/p>\n<p>Les recettes des burgers et frites de La vache sont donc maintenu :<\/p>\n<ul>\n<li>un pain boulanger<\/li>\n<li>un steak hach\u00e9 fran\u00e7ais<\/li>\n<li>des sauces maisons<\/li>\n<li>et des ingr\u00e9dients frais<\/li>\n<\/ul>\n<h2>Oui le nom du foodtruck est os\u00e9 !<\/h2>\n<p>Depuis le 21 mars 1996 et l\u2019accaparement des m\u00e9dias pour la\u00a0maladie de Creutzfeldt-Jakob, la restauration rapide et maintenant la \u00ab\u00a0Street-Food\u00a0\u00bb porte l&rsquo;h\u00e9ritage l\u00e9gu\u00e9 par des entreprises agro-alimentaires aux m\u00e9thodes douteuses et produits manufactur\u00e9s. C\u2019est pourquoi, par l\u2019interm\u00e9diaire du nom La Vache Folle, on souhaite r\u00e9aliser un pied de nez \u00e0 cette p\u00e9riode de crise \u00e9thique en jouant le jeu de la transparence, en utilisant int\u00e9gralement des produits frais, certifi\u00e9s, contr\u00f4l\u00e9s et de qualit\u00e9.<\/p>\n\n<\/div>\n\n<div class=\"grid__item six-twelfths palm-one-whole \">\n\n<p><a href=\"http:\/\/lavachefolle.fr\/wp-content\/uploads\/2014\/05\/img_20151118_141912.jpg\" rel=\"attachment wp-att-1546\"><img loading=\"lazy\" decoding=\"async\" class=\"alignnone size-large wp-image-1546\" src=\"http:\/\/lavachefolle.fr\/wp-content\/uploads\/2014\/05\/img_20151118_141912-1024x1024.jpg\" alt=\"IMG_20151118_141912\" width=\"1024\" height=\"1024\" srcset=\"https:\/\/lavachefolle.fr\/wp-content\/uploads\/2014\/05\/img_20151118_141912-1024x1024.jpg 1024w, https:\/\/lavachefolle.fr\/wp-content\/uploads\/2014\/05\/img_20151118_141912-150x150.jpg 150w, https:\/\/lavachefolle.fr\/wp-content\/uploads\/2014\/05\/img_20151118_141912-300x300.jpg 300w, https:\/\/lavachefolle.fr\/wp-content\/uploads\/2014\/05\/img_20151118_141912-768x768.jpg 768w, https:\/\/lavachefolle.fr\/wp-content\/uploads\/2014\/05\/img_20151118_141912-1200x1200.jpg 1200w, https:\/\/lavachefolle.fr\/wp-content\/uploads\/2014\/05\/img_20151118_141912-900x900.jpg 900w, https:\/\/lavachefolle.fr\/wp-content\/uploads\/2014\/05\/img_20151118_141912-400x400.jpg 400w, https:\/\/lavachefolle.fr\/wp-content\/uploads\/2014\/05\/img_20151118_141912.jpg 1536w\" sizes=\"auto, (max-width: 1024px) 100vw, 1024px\" \/><\/a><\/p>\n\n<\/div>\n\n\n<\/div>\n\n<div class=\"pixcode  pixcode--separator  separator separator--line-flower\">\n<div class=\"line  line--left\"><\/div>\n<div class=\"line  line--right\"><\/div>\n<div class=\"star\">&#10043;<\/div>\n<div class=\"arrows\">\n<div class=\"arrow arrow--left\"><\/div>\n<div class=\"arrow arrow--right\"><\/div>\n<\/div>\n<\/div>\n\n<div class=\"pixcode  pixcode--grid  grid  \">\n\n<div class=\"grid__item six-twelfths palm-one-whole \">\n\n<p><a href=\"http:\/\/lavachefolle.fr\/wp-content\/uploads\/2014\/05\/img_20150911_174310.jpg\" rel=\"attachment wp-att-1548\"><img loading=\"lazy\" decoding=\"async\" class=\"alignnone size-large wp-image-1548\" src=\"http:\/\/lavachefolle.fr\/wp-content\/uploads\/2014\/05\/img_20150911_174310-1024x1024.jpg\" alt=\"IMG_20150911_174310\" width=\"1024\" height=\"1024\" srcset=\"https:\/\/lavachefolle.fr\/wp-content\/uploads\/2014\/05\/img_20150911_174310-1024x1024.jpg 1024w, https:\/\/lavachefolle.fr\/wp-content\/uploads\/2014\/05\/img_20150911_174310-150x150.jpg 150w, https:\/\/lavachefolle.fr\/wp-content\/uploads\/2014\/05\/img_20150911_174310-300x300.jpg 300w, https:\/\/lavachefolle.fr\/wp-content\/uploads\/2014\/05\/img_20150911_174310-768x768.jpg 768w, https:\/\/lavachefolle.fr\/wp-content\/uploads\/2014\/05\/img_20150911_174310-1200x1200.jpg 1200w, https:\/\/lavachefolle.fr\/wp-content\/uploads\/2014\/05\/img_20150911_174310-900x900.jpg 900w, https:\/\/lavachefolle.fr\/wp-content\/uploads\/2014\/05\/img_20150911_174310-400x400.jpg 400w, https:\/\/lavachefolle.fr\/wp-content\/uploads\/2014\/05\/img_20150911_174310.jpg 1536w\" sizes=\"auto, (max-width: 1024px) 100vw, 1024px\" \/><\/a><\/p>\n\n<\/div>\n\n<div class=\"grid__item six-twelfths palm-one-whole island\">\n\n<hgroup class=\"pixcode  pixcode--heading article__headline\">\n\t<h2 class=\"headline__secondary\"><span class=\"first-letter\">C<\/span>antine<\/h2>\n\t<h1 class=\"headline__primary\">Roulante<\/h1>\n<\/hgroup>\n<div class=\"pixcode  pixcode--separator  separator separator--flower separator_color--dark\">&#10043;<\/div>\n\n<p>Le concept de mobilit\u00e9 est tr\u00e8s important. Vous ne vous d\u00e9placez pas pour vous restaurer, LA VACHE FOLLE se d\u00e9place \u00e0 vous. Elle s\u2019installe dans la zone commerciale des 4 chemins \u00e0 la Garde, pour permettre aux clients, ainsi qu\u2019au personnel des magasins alentour de pouvoir se restaurer rapidement et \u00e0 petit prix.<\/p>\n<p>Le camion est enti\u00e8rement d\u00e9di\u00e9 \u00e0 la confection d&rsquo;hamburger, plaque \u00e0 snacker, friteuse double bacs, salamandre, bain marie, saladette. Un \u00e9quipement professionnel int\u00e9gr\u00e9 dans 4 m\u00e8tres 90.<\/p>\n<p>La Vache Folle essaye d&rsquo;aider la plan\u00e8te \u00e0 mieux se porter en utilisant des emballages biod\u00e9gradables et\u00a0recyclables, en recyclant son huile de friture (sans huile de palme) et \u00e0 privil\u00e9gier les partenariats locaux pour limiter l&rsquo;\u00e9mission de CO\u00b2 lors de ses trajets.<\/p>\n\n<\/div>\n\n\n<\/div>\n\n<hr \/>\n<p style=\"text-align: center;\"><span style=\"font-family: Microbrew; font-size: 14pt;\">Louez La Vache Folle<\/span><\/p>\n<p style=\"text-align: center;\">Quelque soit votre \u00e9v\u00e9nement ou c\u00e9l\u00e9bration, La Vache Folle se d\u00e9place, en toute autonomie, pour faire de votre journ\u00e9e sp\u00e9ciale un moment m\u00e9morable. Anniversaire, PACS, bapt\u00eame, lendemain de mariage, repas d&rsquo;entreprise, vernissage, inauguration&#8230; nous pouvons r\u00e9aliser pour vous un vrai service de traiteur en fonction de vos envies (brunch, hamburgers, d\u00e9clinaison de desserts US&#8230;)<\/p>\n<p style=\"text-align: center;\">N&rsquo;h\u00e9sitez pas \u00e0 nous contacter afin d&rsquo;obtenir un devis personnalis\u00e9.<br \/>\ncontact@lavachefolle.fr<\/p>\n<p style=\"text-align: center;\">\u00a0\u00a0<a href=\"http:\/\/lavachefolle.fr\/wp-content\/uploads\/2014\/05\/16237047_10212143679406308_118621175_n.jpg\" rel=\"attachment wp-att-1620\"><img loading=\"lazy\" decoding=\"async\" class=\"alignnone wp-image-1620 size-medium\" src=\"http:\/\/lavachefolle.fr\/wp-content\/uploads\/2014\/05\/16237047_10212143679406308_118621175_n-300x300.jpg\" alt=\"16237047_10212143679406308_118621175_n\" width=\"300\" height=\"300\" srcset=\"https:\/\/lavachefolle.fr\/wp-content\/uploads\/2014\/05\/16237047_10212143679406308_118621175_n-300x300.jpg 300w, https:\/\/lavachefolle.fr\/wp-content\/uploads\/2014\/05\/16237047_10212143679406308_118621175_n-150x150.jpg 150w, https:\/\/lavachefolle.fr\/wp-content\/uploads\/2014\/05\/16237047_10212143679406308_118621175_n-400x400.jpg 400w, https:\/\/lavachefolle.fr\/wp-content\/uploads\/2014\/05\/16237047_10212143679406308_118621175_n.jpg 640w\" sizes=\"auto, (max-width: 300px) 100vw, 300px\" \/><\/a><a href=\"http:\/\/lavachefolle.fr\/wp-content\/uploads\/2014\/05\/img_0832.jpg\" rel=\"attachment wp-att-1621\"><img loading=\"lazy\" decoding=\"async\" class=\"alignnone wp-image-1621 size-medium\" src=\"http:\/\/lavachefolle.fr\/wp-content\/uploads\/2014\/05\/img_0832-300x300.jpg\" alt=\"IMG_0832\" width=\"300\" height=\"300\" srcset=\"https:\/\/lavachefolle.fr\/wp-content\/uploads\/2014\/05\/img_0832-300x300.jpg 300w, https:\/\/lavachefolle.fr\/wp-content\/uploads\/2014\/05\/img_0832-150x150.jpg 150w, https:\/\/lavachefolle.fr\/wp-content\/uploads\/2014\/05\/img_0832-768x768.jpg 768w, https:\/\/lavachefolle.fr\/wp-content\/uploads\/2014\/05\/img_0832-1024x1024.jpg 1024w, https:\/\/lavachefolle.fr\/wp-content\/uploads\/2014\/05\/img_0832-2048x2048.jpg 2048w, https:\/\/lavachefolle.fr\/wp-content\/uploads\/2014\/05\/img_0832-1200x1200.jpg 1200w, https:\/\/lavachefolle.fr\/wp-content\/uploads\/2014\/05\/img_0832-900x900.jpg 900w, https:\/\/lavachefolle.fr\/wp-content\/uploads\/2014\/05\/img_0832-400x400.jpg 400w\" sizes=\"auto, (max-width: 300px) 100vw, 300px\" \/><\/a><a href=\"http:\/\/lavachefolle.fr\/wp-content\/uploads\/2014\/05\/img_0911.jpg\" rel=\"attachment wp-att-1622\"><img loading=\"lazy\" decoding=\"async\" class=\"alignnone wp-image-1622 size-medium\" src=\"http:\/\/lavachefolle.fr\/wp-content\/uploads\/2014\/05\/img_0911-300x300.jpg\" alt=\"IMG_0911\" width=\"300\" height=\"300\" srcset=\"https:\/\/lavachefolle.fr\/wp-content\/uploads\/2014\/05\/img_0911-300x300.jpg 300w, https:\/\/lavachefolle.fr\/wp-content\/uploads\/2014\/05\/img_0911-150x150.jpg 150w, https:\/\/lavachefolle.fr\/wp-content\/uploads\/2014\/05\/img_0911-768x768.jpg 768w, https:\/\/lavachefolle.fr\/wp-content\/uploads\/2014\/05\/img_0911-1024x1024.jpg 1024w, https:\/\/lavachefolle.fr\/wp-content\/uploads\/2014\/05\/img_0911-2048x2048.jpg 2048w, https:\/\/lavachefolle.fr\/wp-content\/uploads\/2014\/05\/img_0911-1200x1200.jpg 1200w, https:\/\/lavachefolle.fr\/wp-content\/uploads\/2014\/05\/img_0911-900x900.jpg 900w, https:\/\/lavachefolle.fr\/wp-content\/uploads\/2014\/05\/img_0911-400x400.jpg 400w\" sizes=\"auto, (max-width: 300px) 100vw, 300px\" \/><\/a><a href=\"http:\/\/lavachefolle.fr\/wp-content\/uploads\/2014\/05\/img_1105.jpg\" rel=\"attachment wp-att-1623\"><img loading=\"lazy\" decoding=\"async\" class=\"alignnone wp-image-1623 size-medium\" src=\"http:\/\/lavachefolle.fr\/wp-content\/uploads\/2014\/05\/img_1105-300x300.jpg\" alt=\"IMG_1105\" width=\"300\" height=\"300\" srcset=\"https:\/\/lavachefolle.fr\/wp-content\/uploads\/2014\/05\/img_1105-300x300.jpg 300w, https:\/\/lavachefolle.fr\/wp-content\/uploads\/2014\/05\/img_1105-150x150.jpg 150w, https:\/\/lavachefolle.fr\/wp-content\/uploads\/2014\/05\/img_1105-768x768.jpg 768w, https:\/\/lavachefolle.fr\/wp-content\/uploads\/2014\/05\/img_1105-1024x1024.jpg 1024w, https:\/\/lavachefolle.fr\/wp-content\/uploads\/2014\/05\/img_1105-2048x2048.jpg 2048w, https:\/\/lavachefolle.fr\/wp-content\/uploads\/2014\/05\/img_1105-1200x1200.jpg 1200w, https:\/\/lavachefolle.fr\/wp-content\/uploads\/2014\/05\/img_1105-900x900.jpg 900w, https:\/\/lavachefolle.fr\/wp-content\/uploads\/2014\/05\/img_1105-400x400.jpg 400w\" sizes=\"auto, (max-width: 300px) 100vw, 300px\" \/><\/a><\/p>\n","protected":false},"excerpt":{"rendered":"<p>Louez La Vache Folle Quelque soit votre \u00e9v\u00e9nement ou c\u00e9l\u00e9bration, La Vache Folle se d\u00e9place, en toute autonomie, pour faire de votre journ\u00e9e sp\u00e9ciale un moment m\u00e9morable. Anniversaire, PACS, bapt\u00eame, lendemain de mariage, repas d&rsquo;entreprise, vernissage, inauguration&#8230; nous pouvons r\u00e9aliser pour vous un vrai service de traiteur en fonction de vos envies (brunch, hamburgers, d\u00e9clinaison..<\/p>\n","protected":false},"author":1,"featured_media":1531,"parent":0,"menu_order":0,"comment_status":"closed","ping_status":"closed","template":"","meta":{"footnotes":""},"class_list":["post-37","page","type-page","status-publish","has-post-thumbnail","hentry"],"_links":{"self":[{"href":"https:\/\/lavachefolle.fr\/index.php?rest_route=\/wp\/v2\/pages\/37","targetHints":{"allow":["GET"]}}],"collection":[{"href":"https:\/\/lavachefolle.fr\/index.php?rest_route=\/wp\/v2\/pages"}],"about":[{"href":"https:\/\/lavachefolle.fr\/index.php?rest_route=\/wp\/v2\/types\/page"}],"author":[{"embeddable":true,"href":"https:\/\/lavachefolle.fr\/index.php?rest_route=\/wp\/v2\/users\/1"}],"replies":[{"embeddable":true,"href":"https:\/\/lavachefolle.fr\/index.php?rest_route=%2Fwp%2Fv2%2Fcomments&post=37"}],"version-history":[{"count":60,"href":"https:\/\/lavachefolle.fr\/index.php?rest_route=\/wp\/v2\/pages\/37\/revisions"}],"predecessor-version":[{"id":1738,"href":"https:\/\/lavachefolle.fr\/index.php?rest_route=\/wp\/v2\/pages\/37\/revisions\/1738"}],"wp:featuredmedia":[{"embeddable":true,"href":"https:\/\/lavachefolle.fr\/index.php?rest_route=\/wp\/v2\/media\/1531"}],"wp:attachment":[{"href":"https:\/\/lavachefolle.fr\/index.php?rest_route=%2Fwp%2Fv2%2Fmedia&parent=37"}],"curies":[{"name":"wp","href":"https:\/\/api.w.org\/{rel}","templated":true}]}}