{"id":238,"date":"2014-06-05T08:52:01","date_gmt":"2014-06-05T08:52:01","guid":{"rendered":"http:\/\/pixelgrade.com\/demos\/rosa2\/?page_id=238"},"modified":"2023-08-28T08:40:50","modified_gmt":"2023-08-28T08:40:50","slug":"grid-system","status":"publish","type":"page","link":"https:\/\/lavachefolle.fr\/?page_id=238","title":{"rendered":"Fromages, pomme de terre et l\u00e9gumes"},"content":{"rendered":"<p style=\"text-align: center;\"><span style=\"font-family: Microbrew; font-size: 18pt;\">MASSAFERO<\/span><\/p>\n<div class=\"pixcode  pixcode--grid  grid  \">\n\n<div class=\"grid__item one-whole palm-one-whole \">\n\n<p>L&rsquo;entreprise Massafero nous fournit les pommes de terre \u00e0 chair tendre de type CAESAR, moins farineuse que la BINTJE mais tout aussi riche en amidon, elle est excellente pour la friture.<\/p>\n<p>Cette entreprise est situ\u00e9e \u00e0 La Crau, dans la Z.A.C de Gavarry, ce qui nous permet de privil\u00e9gier les cycles courts.<\/p>\n<hr class=\"pixcode  pixcode--separator  separator\"\/>\n\n\n<\/div>\n\n\n<\/div>\n\n<h3 style=\"text-align: center;\"><span style=\"font-size: 18pt; font-family: Microbrew;\">NOS FROMAGES<\/span><\/h3>\n<div class=\"pixcode  pixcode--grid  grid  \">\n\n<div class=\"grid__item one-whole palm-one-whole \">\n\n<p>Nos fromages sont tous d&rsquo;Appellation d&rsquo;Origine Prot\u00e9g\u00e9e (AOP). La Fourme d&rsquo;Ambert et le Gruy\u00e8re Suisse (affin\u00e9s 12 mois en grotte) sont au lait cru afin d&rsquo;apporter du caract\u00e8re \u00e0 nos recettes.<\/p>\n<p>Nous mettons un point d&rsquo;honneur \u00e0 utiliser un Cheddar AOP afin de vous proposer un fromage de qualit\u00e9.<\/p>\n<hr class=\"pixcode  pixcode--separator  separator\"\/>\n\n\n<\/div>\n\n\n<\/div>\n\n<h3 style=\"text-align: center;\"><span style=\"font-family: Microbrew;\"><span style=\"font-size: 18pt;\">NOS L\u00c9GUMES<\/span><\/span><\/h3>\n<div class=\"pixcode  pixcode--grid  grid  \">\n\n<div class=\"grid__item one-whole palm-one-whole \">\n\n<p>Nos l\u00e9gumes sont achet\u00e9s dans des entreprises varoises afin de privil\u00e9gier les cycles courts. Nous cherchons \u00e0 travailler au maximum avec des l\u00e9gumes de saisons et qui viennent de France. C&rsquo;est pour cela que de octobre \u00e0 avril nous rempla\u00e7ons les tomates par du choux marin\u00e9s.<\/p>\n<hr class=\"pixcode  pixcode--separator  separator\"\/>\n\n\n<\/div>\n\n\n<\/div>\n\n","protected":false},"excerpt":{"rendered":"<p>MASSAFERO NOS FROMAGES NOS L\u00c9GUMES<\/p>\n","protected":false},"author":1,"featured_media":1360,"parent":0,"menu_order":0,"comment_status":"closed","ping_status":"closed","template":"","meta":{"footnotes":""},"class_list":["post-238","page","type-page","status-publish","has-post-thumbnail","hentry"],"_links":{"self":[{"href":"https:\/\/lavachefolle.fr\/index.php?rest_route=\/wp\/v2\/pages\/238","targetHints":{"allow":["GET"]}}],"collection":[{"href":"https:\/\/lavachefolle.fr\/index.php?rest_route=\/wp\/v2\/pages"}],"about":[{"href":"https:\/\/lavachefolle.fr\/index.php?rest_route=\/wp\/v2\/types\/page"}],"author":[{"embeddable":true,"href":"https:\/\/lavachefolle.fr\/index.php?rest_route=\/wp\/v2\/users\/1"}],"replies":[{"embeddable":true,"href":"https:\/\/lavachefolle.fr\/index.php?rest_route=%2Fwp%2Fv2%2Fcomments&post=238"}],"version-history":[{"count":49,"href":"https:\/\/lavachefolle.fr\/index.php?rest_route=\/wp\/v2\/pages\/238\/revisions"}],"predecessor-version":[{"id":1735,"href":"https:\/\/lavachefolle.fr\/index.php?rest_route=\/wp\/v2\/pages\/238\/revisions\/1735"}],"wp:featuredmedia":[{"embeddable":true,"href":"https:\/\/lavachefolle.fr\/index.php?rest_route=\/wp\/v2\/media\/1360"}],"wp:attachment":[{"href":"https:\/\/lavachefolle.fr\/index.php?rest_route=%2Fwp%2Fv2%2Fmedia&parent=238"}],"curies":[{"name":"wp","href":"https:\/\/api.w.org\/{rel}","templated":true}]}}