{"id":220,"date":"2014-06-05T07:31:12","date_gmt":"2014-06-05T07:31:12","guid":{"rendered":"http:\/\/pixelgrade.com\/demos\/rosa2\/?page_id=220"},"modified":"2021-03-28T18:03:41","modified_gmt":"2021-03-28T18:03:41","slug":"boucher","status":"publish","type":"page","link":"https:\/\/lavachefolle.fr\/?page_id=220","title":{"rendered":"Notre viande"},"content":{"rendered":"<p style=\"text-align: center;\"><span style=\"font-family: Microbrew; font-size: 18pt;\">Notre boucher<\/span><\/p>\n<p style=\"text-align: center;\"><div class=\"pixcode  pixcode--grid  grid  \">\n\n<p style=\"text-align: center;\"><div class=\"grid__item one-whole palm-one-whole \">\n\n<p style=\"text-align: center;\">Soci\u00e9t\u00e9 familiale cr\u00e9\u00e9e en 1934, Alazard&amp;Roux se d\u00e9finit comme une entreprise artisanale-industrielle.<\/p>\n<p style=\"text-align: center;\">Situ\u00e9e \u00e0 Tarascon (Bouches-du-Rh\u00f4ne), Alazard&amp;Roux nous fournis une viande de qualit\u00e9, issus de vache bouch\u00e8re, n\u00e9e, \u00e9lev\u00e9e et abattue en France.<\/p>\n<p style=\"text-align: center;\">242 \u00e9leveurs, r\u00e9partis sur les r\u00e9gions PACA, Languedoc-Roussillon et Rh\u00f4ne-Alpes font confiance \u00e0 Alazard &amp;Roux pour l&rsquo;abattage de leurs b\u00eates.<\/p>\n<p style=\"text-align: center;\">Cette viande, une fois transform\u00e9e en hach\u00e9, nous sera livr\u00e9 dans le respect des normes d&rsquo;hygi\u00e8nes et de s\u00e9curit\u00e9 afin de vous garantir une fra\u00eecheur optimale.<\/p>\n<p style=\"text-align: center;\">\n<\/div>\n\n<p style=\"text-align: center;\">\n<\/div>\n\n","protected":false},"excerpt":{"rendered":"<p>Notre boucher<\/p>\n","protected":false},"author":1,"featured_media":1388,"parent":0,"menu_order":0,"comment_status":"closed","ping_status":"closed","template":"","meta":{"footnotes":""},"class_list":["post-220","page","type-page","status-publish","has-post-thumbnail","hentry"],"_links":{"self":[{"href":"https:\/\/lavachefolle.fr\/index.php?rest_route=\/wp\/v2\/pages\/220","targetHints":{"allow":["GET"]}}],"collection":[{"href":"https:\/\/lavachefolle.fr\/index.php?rest_route=\/wp\/v2\/pages"}],"about":[{"href":"https:\/\/lavachefolle.fr\/index.php?rest_route=\/wp\/v2\/types\/page"}],"author":[{"embeddable":true,"href":"https:\/\/lavachefolle.fr\/index.php?rest_route=\/wp\/v2\/users\/1"}],"replies":[{"embeddable":true,"href":"https:\/\/lavachefolle.fr\/index.php?rest_route=%2Fwp%2Fv2%2Fcomments&post=220"}],"version-history":[{"count":27,"href":"https:\/\/lavachefolle.fr\/index.php?rest_route=\/wp\/v2\/pages\/220\/revisions"}],"predecessor-version":[{"id":1696,"href":"https:\/\/lavachefolle.fr\/index.php?rest_route=\/wp\/v2\/pages\/220\/revisions\/1696"}],"wp:featuredmedia":[{"embeddable":true,"href":"https:\/\/lavachefolle.fr\/index.php?rest_route=\/wp\/v2\/media\/1388"}],"wp:attachment":[{"href":"https:\/\/lavachefolle.fr\/index.php?rest_route=%2Fwp%2Fv2%2Fmedia&parent=220"}],"curies":[{"name":"wp","href":"https:\/\/api.w.org\/{rel}","templated":true}]}}