{"id":184,"date":"2014-06-04T12:08:05","date_gmt":"2014-06-04T12:08:05","guid":{"rendered":"http:\/\/pixelgrade.com\/demos\/rosa2\/?page_id=184"},"modified":"2021-03-28T18:03:58","modified_gmt":"2021-03-28T18:03:58","slug":"boulanger","status":"publish","type":"page","link":"https:\/\/lavachefolle.fr\/?page_id=184","title":{"rendered":"Notre pain"},"content":{"rendered":"<div class=\"pixcode  pixcode--grid  grid  \">\n\n<div class=\"grid__item six-twelfths palm-one-whole island\">\n\n<p>&nbsp;<\/p>\n<p><span style=\"font-family: Microbrew; font-size: 18pt;\">Le Bun<\/span><\/p>\n<div class=\"pixcode  pixcode--grid  grid  \">\n\n<\/div>\n\n<div class=\"grid__item one-whole palm-one-whole \">\n\n<\/div>\n\n<p>Parce qu&rsquo;il n&rsquo;y a pas de bon hamburger sans bon pain, La Vache Folle a cr\u00e9\u00e9e une recette sp\u00e9cialement pour vous..<\/p>\n<p>Ils sont moelleux et brillants comme le veut la tradition New-Yorkaise.<\/p>\n\n<\/div>\n\n<div class=\"grid__item six-twelfths palm-one-whole \">\n\n<p><a href=\"http:\/\/lavachefolle.fr\/wp-content\/uploads\/2014\/06\/pain4.jpg\"><img loading=\"lazy\" decoding=\"async\" class=\"alignnone wp-image-865\" src=\"http:\/\/lavachefolle.fr\/wp-content\/uploads\/2014\/06\/pain4-300x300.jpg\" alt=\"SONY DSC\" width=\"275\" height=\"275\" srcset=\"https:\/\/lavachefolle.fr\/wp-content\/uploads\/2014\/06\/pain4-300x300.jpg 300w, https:\/\/lavachefolle.fr\/wp-content\/uploads\/2014\/06\/pain4-150x150.jpg 150w, https:\/\/lavachefolle.fr\/wp-content\/uploads\/2014\/06\/pain4-1024x1024.jpg 1024w, https:\/\/lavachefolle.fr\/wp-content\/uploads\/2014\/06\/pain4-2048x2048.jpg 2048w, https:\/\/lavachefolle.fr\/wp-content\/uploads\/2014\/06\/pain4-1200x1200.jpg 1200w, https:\/\/lavachefolle.fr\/wp-content\/uploads\/2014\/06\/pain4-900x900.jpg 900w, https:\/\/lavachefolle.fr\/wp-content\/uploads\/2014\/06\/pain4-400x400.jpg 400w\" sizes=\"auto, (max-width: 275px) 100vw, 275px\" \/><\/a>&nbsp; &nbsp; &nbsp;<img loading=\"lazy\" decoding=\"async\" class=\"alignnone wp-image-863\" src=\"http:\/\/lavachefolle.fr\/wp-content\/uploads\/2014\/06\/pain2-300x300.jpg\" alt=\"SONY DSC\" width=\"275\" height=\"275\" srcset=\"https:\/\/lavachefolle.fr\/wp-content\/uploads\/2014\/06\/pain2-300x300.jpg 300w, https:\/\/lavachefolle.fr\/wp-content\/uploads\/2014\/06\/pain2-150x150.jpg 150w, https:\/\/lavachefolle.fr\/wp-content\/uploads\/2014\/06\/pain2-1024x1024.jpg 1024w, https:\/\/lavachefolle.fr\/wp-content\/uploads\/2014\/06\/pain2-2048x2048.jpg 2048w, https:\/\/lavachefolle.fr\/wp-content\/uploads\/2014\/06\/pain2-1200x1200.jpg 1200w, https:\/\/lavachefolle.fr\/wp-content\/uploads\/2014\/06\/pain2-900x900.jpg 900w, https:\/\/lavachefolle.fr\/wp-content\/uploads\/2014\/06\/pain2-400x400.jpg 400w\" sizes=\"auto, (max-width: 275px) 100vw, 275px\" \/><\/p>\n<p><a href=\"http:\/\/lavachefolle.fr\/wp-content\/uploads\/2014\/06\/pain3.jpg\"><img loading=\"lazy\" decoding=\"async\" class=\"alignnone wp-image-864\" src=\"http:\/\/lavachefolle.fr\/wp-content\/uploads\/2014\/06\/pain3-300x300.jpg\" alt=\"SONY DSC\" width=\"275\" height=\"275\" srcset=\"https:\/\/lavachefolle.fr\/wp-content\/uploads\/2014\/06\/pain3-300x300.jpg 300w, https:\/\/lavachefolle.fr\/wp-content\/uploads\/2014\/06\/pain3-150x150.jpg 150w, https:\/\/lavachefolle.fr\/wp-content\/uploads\/2014\/06\/pain3-1024x1024.jpg 1024w, https:\/\/lavachefolle.fr\/wp-content\/uploads\/2014\/06\/pain3-2048x2048.jpg 2048w, https:\/\/lavachefolle.fr\/wp-content\/uploads\/2014\/06\/pain3-1200x1200.jpg 1200w, https:\/\/lavachefolle.fr\/wp-content\/uploads\/2014\/06\/pain3-900x900.jpg 900w, https:\/\/lavachefolle.fr\/wp-content\/uploads\/2014\/06\/pain3-400x400.jpg 400w\" sizes=\"auto, (max-width: 275px) 100vw, 275px\" \/><\/a>&nbsp; &nbsp; &nbsp;<img loading=\"lazy\" decoding=\"async\" class=\"alignnone wp-image-862\" src=\"http:\/\/lavachefolle.fr\/wp-content\/uploads\/2014\/06\/pain1-300x300.jpg\" alt=\"SONY DSC\" width=\"275\" height=\"275\" srcset=\"https:\/\/lavachefolle.fr\/wp-content\/uploads\/2014\/06\/pain1-300x300.jpg 300w, https:\/\/lavachefolle.fr\/wp-content\/uploads\/2014\/06\/pain1-150x150.jpg 150w, https:\/\/lavachefolle.fr\/wp-content\/uploads\/2014\/06\/pain1-1024x1024.jpg 1024w, https:\/\/lavachefolle.fr\/wp-content\/uploads\/2014\/06\/pain1-2048x2048.jpg 2048w, https:\/\/lavachefolle.fr\/wp-content\/uploads\/2014\/06\/pain1-1200x1200.jpg 1200w, https:\/\/lavachefolle.fr\/wp-content\/uploads\/2014\/06\/pain1-900x900.jpg 900w, https:\/\/lavachefolle.fr\/wp-content\/uploads\/2014\/06\/pain1-400x400.jpg 400w\" sizes=\"auto, (max-width: 275px) 100vw, 275px\" \/><\/p>\n\n<\/div>\n\n\n<\/div>\n\n","protected":false},"excerpt":{"rendered":"","protected":false},"author":1,"featured_media":1367,"parent":0,"menu_order":0,"comment_status":"closed","ping_status":"closed","template":"","meta":{"footnotes":""},"class_list":["post-184","page","type-page","status-publish","has-post-thumbnail","hentry"],"_links":{"self":[{"href":"https:\/\/lavachefolle.fr\/index.php?rest_route=\/wp\/v2\/pages\/184","targetHints":{"allow":["GET"]}}],"collection":[{"href":"https:\/\/lavachefolle.fr\/index.php?rest_route=\/wp\/v2\/pages"}],"about":[{"href":"https:\/\/lavachefolle.fr\/index.php?rest_route=\/wp\/v2\/types\/page"}],"author":[{"embeddable":true,"href":"https:\/\/lavachefolle.fr\/index.php?rest_route=\/wp\/v2\/users\/1"}],"replies":[{"embeddable":true,"href":"https:\/\/lavachefolle.fr\/index.php?rest_route=%2Fwp%2Fv2%2Fcomments&post=184"}],"version-history":[{"count":73,"href":"https:\/\/lavachefolle.fr\/index.php?rest_route=\/wp\/v2\/pages\/184\/revisions"}],"predecessor-version":[{"id":1698,"href":"https:\/\/lavachefolle.fr\/index.php?rest_route=\/wp\/v2\/pages\/184\/revisions\/1698"}],"wp:featuredmedia":[{"embeddable":true,"href":"https:\/\/lavachefolle.fr\/index.php?rest_route=\/wp\/v2\/media\/1367"}],"wp:attachment":[{"href":"https:\/\/lavachefolle.fr\/index.php?rest_route=%2Fwp%2Fv2%2Fmedia&parent=184"}],"curies":[{"name":"wp","href":"https:\/\/api.w.org\/{rel}","templated":true}]}}