{"id":116,"date":"2014-05-30T14:17:08","date_gmt":"2014-05-30T14:17:08","guid":{"rendered":"http:\/\/pixelgrade.com\/demos\/rosa2\/?page_id=116"},"modified":"2023-08-28T08:29:26","modified_gmt":"2023-08-28T08:29:26","slug":"contact","status":"publish","type":"page","link":"https:\/\/lavachefolle.fr\/?page_id=116","title":{"rendered":"Contact"},"content":{"rendered":"<div class=\"pixcode  pixcode--grid  grid  thick-gutter  \">\n<div class=\"grid__item six-twelfths palm-one-whole \">\n\n<h3 class=\"flush--top\">Contactez-nous<\/h3>\n<p style=\"text-align: justify;\">Le camion se trouve du lundi au samedi midi (11h30-15h00) et le vendredi et samedi soir (19h30-21h30)\u00a0sur le parking du Centre Commercial des 4 Chemins \u00e0 La Garde (Maison du Monde, La Grande R\u00e9cr\u00e9, Speedy&#8230;).<\/p>\n<p style=\"text-align: justify;\">Notre planning est mis \u00e0 jour chaque semaine sur notre page <a href=\"https:\/\/www.facebook.com\/lavachefollestreetfood\/\">Facebook<\/a>, <a href=\"https:\/\/www.instagram.com\/lvf_streetfood\/\">Instagram<\/a> et notre <a href=\"https:\/\/goo.gl\/maps\/enHkAdPKA8mFEYV39\">page Google<\/a>.<\/p>\n<p style=\"text-align: justify;\">R\u00e9servation possible au <a href=\"tel:+33783069060\">07.83.06.90.60<\/a><\/p>\n<div class=\"menu-list menu-list__dotted\">\n<ul class=\"menu-list__items\">\n<li class=\"menu-list__item\">\n<div class=\"menu-list__item-highlight-wrapper\">\n<span class=\"menu-list__item-highlight-title\">Privatisation<\/span>\n<h4 class=\"menu-list__item-title\">Privatisez La Vache Folle par l\u2019interm\u00e9diaire de son service Catering pour vos soir\u00e9es ou events business. Contactez nous par t\u00e9l\u00e9phone pour plus de renseignements.<\/h4>\n<p class=\"menu-list__item-desc\"><span class=\"desc__content\"><\/span><\/p>\n<\/div>\n<\/li>\n<\/ul>\n<\/div>\n\n<p>Si vous avez des questions ou des commentaires, n&rsquo;h\u00e9sitez pas \u00e0 nous contacter via notre t\u00e9l\u00e9phone ou les r\u00e9seaux sociaux.<\/p>\n<h3>Suivez-nous<\/h3>\n<a class=\"pixcode-icon-link\"  href=\"https:\/\/www.facebook.com\/lavachefollestreetfood?ref=hl\"  target=\"_blank\" \"><i class=\"pixcode  pixcode--icon  icon-e-facebook  circle  medium  \"><\/i><\/a> <a class=\"pixcode-icon-link\"  href=\"https:\/\/twitter.com\/lvf_streefood\"  target=\"_blank\" \"><i class=\"pixcode  pixcode--icon  icon-e-tumblr  circle  medium  \"><\/i><\/a>\n\n<\/div>\n\n<div class=\"grid__item six-twelfths palm-one-whole \">\n\n<div role=\"form\" class=\"wpcf7\" id=\"wpcf7-f6-o1\" lang=\"fr-FR\" dir=\"ltr\">\n<div class=\"screen-reader-response\"><\/div>\n<form action=\"\/index.php?rest_route=%2Fwp%2Fv2%2Fpages%2F116#wpcf7-f6-o1\" method=\"post\" class=\"wpcf7-form\" novalidate=\"novalidate\">\n<div style=\"display: none;\">\n<input type=\"hidden\" name=\"_wpcf7\" value=\"6\" \/>\n<input type=\"hidden\" name=\"_wpcf7_version\" value=\"4.3.1\" \/>\n<input type=\"hidden\" name=\"_wpcf7_locale\" value=\"fr_FR\" \/>\n<input type=\"hidden\" name=\"_wpcf7_unit_tag\" value=\"wpcf7-f6-o1\" \/>\n<input type=\"hidden\" name=\"_wpnonce\" value=\"2b8196460d\" \/>\n<\/div>\n<p>Votre nom (obligatoire)<br \/>\n    <span class=\"wpcf7-form-control-wrap your-name\"><input type=\"text\" name=\"your-name\" value=\"\" size=\"40\" class=\"wpcf7-form-control wpcf7-text wpcf7-validates-as-required\" aria-required=\"true\" aria-invalid=\"false\" \/><\/span> <\/p>\n<p>Votre email (obligatoire)<br \/>\n    <span class=\"wpcf7-form-control-wrap your-email\"><input type=\"email\" name=\"your-email\" value=\"\" size=\"40\" class=\"wpcf7-form-control wpcf7-text wpcf7-email wpcf7-validates-as-required wpcf7-validates-as-email\" aria-required=\"true\" aria-invalid=\"false\" \/><\/span> <\/p>\n<p>Sujet<br \/>\n    <span class=\"wpcf7-form-control-wrap your-subject\"><input type=\"text\" name=\"your-subject\" value=\"\" size=\"40\" class=\"wpcf7-form-control wpcf7-text\" aria-invalid=\"false\" \/><\/span> <\/p>\n<p>Votre message<br \/>\n    <span class=\"wpcf7-form-control-wrap your-message\"><textarea name=\"your-message\" cols=\"40\" rows=\"10\" class=\"wpcf7-form-control wpcf7-textarea\" aria-invalid=\"false\"><\/textarea><\/span> <\/p>\n<p><input type=\"submit\" value=\"Envoyer\" class=\"wpcf7-form-control wpcf7-submit\" \/><\/p>\n<div class=\"wpcf7-response-output wpcf7-display-none\"><\/div><\/form><\/div>\n\n<\/div>\n\n\n<\/div>\n\n","protected":false},"excerpt":{"rendered":"","protected":false},"author":1,"featured_media":1366,"parent":0,"menu_order":0,"comment_status":"closed","ping_status":"closed","template":"","meta":{"footnotes":""},"class_list":["post-116","page","type-page","status-publish","has-post-thumbnail","hentry"],"_links":{"self":[{"href":"https:\/\/lavachefolle.fr\/index.php?rest_route=\/wp\/v2\/pages\/116","targetHints":{"allow":["GET"]}}],"collection":[{"href":"https:\/\/lavachefolle.fr\/index.php?rest_route=\/wp\/v2\/pages"}],"about":[{"href":"https:\/\/lavachefolle.fr\/index.php?rest_route=\/wp\/v2\/types\/page"}],"author":[{"embeddable":true,"href":"https:\/\/lavachefolle.fr\/index.php?rest_route=\/wp\/v2\/users\/1"}],"replies":[{"embeddable":true,"href":"https:\/\/lavachefolle.fr\/index.php?rest_route=%2Fwp%2Fv2%2Fcomments&post=116"}],"version-history":[{"count":51,"href":"https:\/\/lavachefolle.fr\/index.php?rest_route=\/wp\/v2\/pages\/116\/revisions"}],"predecessor-version":[{"id":1732,"href":"https:\/\/lavachefolle.fr\/index.php?rest_route=\/wp\/v2\/pages\/116\/revisions\/1732"}],"wp:featuredmedia":[{"embeddable":true,"href":"https:\/\/lavachefolle.fr\/index.php?rest_route=\/wp\/v2\/media\/1366"}],"wp:attachment":[{"href":"https:\/\/lavachefolle.fr\/index.php?rest_route=%2Fwp%2Fv2%2Fmedia&parent=116"}],"curies":[{"name":"wp","href":"https:\/\/api.w.org\/{rel}","templated":true}]}}